{"id":66,"date":"2023-09-05T11:37:06","date_gmt":"2023-09-05T11:37:06","guid":{"rendered":"https:\/\/sfarraviolins.it\/expert-instrument-maintenance-and-set-up\/"},"modified":"2023-12-11T20:30:35","modified_gmt":"2023-12-11T20:30:35","slug":"expert-instrument-maintenance-and-set-up","status":"publish","type":"page","link":"https:\/\/sfarraviolins.it\/it\/expert-instrument-maintenance-and-set-up\/","title":{"rendered":"Manutenzione e set-up degli strumenti"},"content":{"rendered":"<div data-elementor-type=\"wp-page\" data-elementor-id=\"66\" class=\"elementor elementor-66\" data-elementor-post-type=\"page\">\n\t\t\t\t\t\t\t<div class=\"elementor-element elementor-element-f2b09f e-flex e-con-boxed e-con e-parent\" data-id=\"f2b09f\" data-element_type=\"container\" data-settings=\"{&quot;content_width&quot;:&quot;boxed&quot;}\" data-core-v316-plus=\"true\">\n\t\t\t\t\t<div class=\"e-con-inner\">\n\t\t\t\t<div class=\"elementor-element elementor-element-1ebe8a90 elementor-widget elementor-widget-text-editor\" data-id=\"1ebe8a90\" data-element_type=\"widget\" data-widget_type=\"text-editor.default\">\n\t\t\t\t<div class=\"elementor-widget-container\">\n\t\t\t\t\t\t\t<p style=\"text-align: left;\">Sono specializzato nella fornitura di servizi di manutenzione e messa a punto di alta qualit\u00e0 per violini, viole e violoncelli. Metto al servizio di ciascun cliente la mia conoscenza e le mie competenze, costantemente aggiornate grazie alla partecipazione a convention internazionali dove ho la possibilit\u00e0 di studiare e aggiornarmi circa le pi\u00f9 recenti innovazioni per il miglioramento della misurazione e regolazione della resa acustica dello strumento.  Dalle attivit\u00e0 di manutenzione ordinaria, come la sostituzione delle corde e la regolazione dell\u2019anima, ai lavori di configurazione pi\u00f9 complessi come l\u2019equilibratura delle tensioni, mi impegno a garantire che ogni strumento funzioni al meglio.<\/p><p style=\"text-align: left;\">Quando si tratta di manutenzione e configurazione, seguo un approccio meticoloso e preciso. Valuto attentamente le esigenze specifiche di ogni musicista e apporto le modifiche di conseguenza, cercando sempre di ottenere una suonabilit\u00e0 e una resa acustica ottimali permettendo allo strumento di esprimere le sue massime capacit\u00e0. Che tu sia un musicista professionista, uno studente o un amatore, il mio obiettivo \u00e8 supportarti nel tuo percorso artistico mantenendo il tuo strumento al massimo della sua forma.<\/p><p style=\"text-align: left;\">I migliori musicisti si affidano alla mia dedizione, alle mie competenze e all\u2019attenzione ai dettagli e mi permettono di contribuire a sbloccare il pieno potenziale dei loro strumenti attraverso i miei servizi di manutenzione e set-up.<\/p>\t\t\t\t\t\t<\/div>\n\t\t\t\t<\/div>\n\t\t\t\t\t<\/div>\n\t\t\t\t<\/div>\n\t\t\t\t\t\t\t<\/div>","protected":false},"excerpt":{"rendered":"<p>Offro servizi professionali di manutenzione e messa a punto di violini, viole e violoncelli, garantendo prestazioni e qualit\u00e0 del suono ottimali.<\/p>","protected":false},"author":2,"featured_media":167,"parent":0,"menu_order":0,"comment_status":"closed","ping_status":"closed","template":"","meta":{"_monsterinsights_skip_tracking":false,"_monsterinsights_sitenote_active":false,"_monsterinsights_sitenote_note":"","_monsterinsights_sitenote_category":0,"two_page_speed":[],"footnotes":""},"class_list":["post-66","page","type-page","status-publish","has-post-thumbnail","hentry"],"yoast_head":"<!-- This site is optimized with the Yoast SEO plugin v21.7 - https:\/\/yoast.com\/wordpress\/plugins\/seo\/ -->\n<title>Instrument Maintenance and Set-up &#8211; Gino Sfarra Violin Maker<\/title>\n<meta name=\"description\" content=\"Top-quality maintenance and set-up services for violins, violas, and cellos, to ensuring that each instrument performs at its absolute best\" \/>\n<meta name=\"robots\" content=\"index, follow, max-snippet:-1, max-image-preview:large, max-video-preview:-1\" \/>\n<link rel=\"canonical\" href=\"https:\/\/sfarraviolins.it\/it\/expert-instrument-maintenance-and-set-up\/\" \/>\n<meta property=\"og:locale\" content=\"it_IT\" \/>\n<meta property=\"og:type\" content=\"article\" \/>\n<meta property=\"og:title\" content=\"Instrument Maintenance and Set-up &#8211; Gino Sfarra Violin Maker\" \/>\n<meta property=\"og:description\" content=\"Top-quality maintenance and set-up services for violins, violas, and cellos, to ensuring that each instrument performs at its absolute best\" \/>\n<meta property=\"og:url\" content=\"https:\/\/sfarraviolins.it\/it\/expert-instrument-maintenance-and-set-up\/\" \/>\n<meta property=\"og:site_name\" content=\"Gino Sfarra Violin Maker\" \/>\n<meta property=\"article:publisher\" content=\"https:\/\/www.facebook.com\/gino.sfarra\" \/>\n<meta property=\"article:modified_time\" content=\"2023-12-11T20:30:35+00:00\" \/>\n<meta property=\"og:image\" content=\"https:\/\/sfarraviolins.it\/wp-content\/uploads\/2023\/09\/gs-setup-01.jpg\" \/>\n\t<meta property=\"og:image:width\" content=\"512\" \/>\n\t<meta property=\"og:image:height\" content=\"512\" \/>\n\t<meta property=\"og:image:type\" content=\"image\/jpeg\" \/>\n<meta name=\"twitter:card\" content=\"summary_large_image\" \/>\n<meta name=\"twitter:label1\" content=\"Tempo di lettura stimato\" \/>\n\t<meta name=\"twitter:data1\" content=\"1 minuto\" \/>\n<script type=\"application\/ld+json\" class=\"yoast-schema-graph\">{\"@context\":\"https:\/\/schema.org\",\"@graph\":[{\"@type\":\"WebPage\",\"@id\":\"https:\/\/sfarraviolins.it\/expert-instrument-maintenance-and-set-up\/\",\"url\":\"https:\/\/sfarraviolins.it\/expert-instrument-maintenance-and-set-up\/\",\"name\":\"Instrument Maintenance and Set-up &#8211; Gino Sfarra Violin Maker\",\"isPartOf\":{\"@id\":\"https:\/\/sfarraviolins.it\/#website\"},\"datePublished\":\"2023-09-05T11:37:06+00:00\",\"dateModified\":\"2023-12-11T20:30:35+00:00\",\"description\":\"Top-quality maintenance and set-up services for violins, violas, and cellos, to ensuring that each instrument performs at its absolute best\",\"breadcrumb\":{\"@id\":\"https:\/\/sfarraviolins.it\/expert-instrument-maintenance-and-set-up\/#breadcrumb\"},\"inLanguage\":\"it-IT\",\"potentialAction\":[{\"@type\":\"ReadAction\",\"target\":[\"https:\/\/sfarraviolins.it\/expert-instrument-maintenance-and-set-up\/\"]}]},{\"@type\":\"BreadcrumbList\",\"@id\":\"https:\/\/sfarraviolins.it\/expert-instrument-maintenance-and-set-up\/#breadcrumb\",\"itemListElement\":[{\"@type\":\"ListItem\",\"position\":1,\"name\":\"Home\",\"item\":\"https:\/\/sfarraviolins.it\/\"},{\"@type\":\"ListItem\",\"position\":2,\"name\":\"Instrument Maintenance and Set-up\"}]},{\"@type\":\"WebSite\",\"@id\":\"https:\/\/sfarraviolins.it\/#website\",\"url\":\"https:\/\/sfarraviolins.it\/\",\"name\":\"Gino Sfarra Violin Maker\",\"description\":\"Creating with passion while respecting the classic tradition.\",\"publisher\":{\"@id\":\"https:\/\/sfarraviolins.it\/#organization\"},\"potentialAction\":[{\"@type\":\"SearchAction\",\"target\":{\"@type\":\"EntryPoint\",\"urlTemplate\":\"https:\/\/sfarraviolins.it\/?s={search_term_string}\"},\"query-input\":\"required name=search_term_string\"}],\"inLanguage\":\"it-IT\"},{\"@type\":\"Organization\",\"@id\":\"https:\/\/sfarraviolins.it\/#organization\",\"name\":\"Gino Sfarra Violin Maker\",\"url\":\"https:\/\/sfarraviolins.it\/\",\"logo\":{\"@type\":\"ImageObject\",\"inLanguage\":\"it-IT\",\"@id\":\"https:\/\/sfarraviolins.it\/#\/schema\/logo\/image\/\",\"url\":\"https:\/\/sfarraviolins.it\/wp-content\/uploads\/2023\/09\/logo2-300x157-1.png\",\"contentUrl\":\"https:\/\/sfarraviolins.it\/wp-content\/uploads\/2023\/09\/logo2-300x157-1.png\",\"width\":300,\"height\":157,\"caption\":\"Gino Sfarra Violin Maker\"},\"image\":{\"@id\":\"https:\/\/sfarraviolins.it\/#\/schema\/logo\/image\/\"},\"sameAs\":[\"https:\/\/www.facebook.com\/gino.sfarra\",\"https:\/\/www.instagram.com\/ginosfarraviolinmaker\/\"]}]}<\/script>\n<!-- \/ Yoast SEO plugin. -->","yoast_head_json":{"title":"Instrument Maintenance and Set-up &#8211; Gino Sfarra Violin Maker","description":"Top-quality maintenance and set-up services for violins, violas, and cellos, to ensuring that each instrument performs at its absolute best","robots":{"index":"index","follow":"follow","max-snippet":"max-snippet:-1","max-image-preview":"max-image-preview:large","max-video-preview":"max-video-preview:-1"},"canonical":"https:\/\/sfarraviolins.it\/it\/expert-instrument-maintenance-and-set-up\/","og_locale":"it_IT","og_type":"article","og_title":"Instrument Maintenance and Set-up &#8211; Gino Sfarra Violin Maker","og_description":"Top-quality maintenance and set-up services for violins, violas, and cellos, to ensuring that each instrument performs at its absolute best","og_url":"https:\/\/sfarraviolins.it\/it\/expert-instrument-maintenance-and-set-up\/","og_site_name":"Gino Sfarra Violin Maker","article_publisher":"https:\/\/www.facebook.com\/gino.sfarra","article_modified_time":"2023-12-11T20:30:35+00:00","og_image":[{"width":512,"height":512,"url":"https:\/\/sfarraviolins.it\/wp-content\/uploads\/2023\/09\/gs-setup-01.jpg","type":"image\/jpeg"}],"twitter_card":"summary_large_image","twitter_misc":{"Tempo di lettura stimato":"1 minuto"},"schema":{"@context":"https:\/\/schema.org","@graph":[{"@type":"WebPage","@id":"https:\/\/sfarraviolins.it\/expert-instrument-maintenance-and-set-up\/","url":"https:\/\/sfarraviolins.it\/expert-instrument-maintenance-and-set-up\/","name":"Instrument Maintenance and Set-up &#8211; Gino Sfarra Violin Maker","isPartOf":{"@id":"https:\/\/sfarraviolins.it\/#website"},"datePublished":"2023-09-05T11:37:06+00:00","dateModified":"2023-12-11T20:30:35+00:00","description":"Top-quality maintenance and set-up services for violins, violas, and cellos, to ensuring that each instrument performs at its absolute best","breadcrumb":{"@id":"https:\/\/sfarraviolins.it\/expert-instrument-maintenance-and-set-up\/#breadcrumb"},"inLanguage":"it-IT","potentialAction":[{"@type":"ReadAction","target":["https:\/\/sfarraviolins.it\/expert-instrument-maintenance-and-set-up\/"]}]},{"@type":"BreadcrumbList","@id":"https:\/\/sfarraviolins.it\/expert-instrument-maintenance-and-set-up\/#breadcrumb","itemListElement":[{"@type":"ListItem","position":1,"name":"Home","item":"https:\/\/sfarraviolins.it\/"},{"@type":"ListItem","position":2,"name":"Instrument Maintenance and Set-up"}]},{"@type":"WebSite","@id":"https:\/\/sfarraviolins.it\/#website","url":"https:\/\/sfarraviolins.it\/","name":"Gino Sfarra Violin Maker","description":"Creating with passion while respecting the classic tradition.","publisher":{"@id":"https:\/\/sfarraviolins.it\/#organization"},"potentialAction":[{"@type":"SearchAction","target":{"@type":"EntryPoint","urlTemplate":"https:\/\/sfarraviolins.it\/?s={search_term_string}"},"query-input":"required name=search_term_string"}],"inLanguage":"it-IT"},{"@type":"Organization","@id":"https:\/\/sfarraviolins.it\/#organization","name":"Gino Sfarra Violin Maker","url":"https:\/\/sfarraviolins.it\/","logo":{"@type":"ImageObject","inLanguage":"it-IT","@id":"https:\/\/sfarraviolins.it\/#\/schema\/logo\/image\/","url":"https:\/\/sfarraviolins.it\/wp-content\/uploads\/2023\/09\/logo2-300x157-1.png","contentUrl":"https:\/\/sfarraviolins.it\/wp-content\/uploads\/2023\/09\/logo2-300x157-1.png","width":300,"height":157,"caption":"Gino Sfarra Violin Maker"},"image":{"@id":"https:\/\/sfarraviolins.it\/#\/schema\/logo\/image\/"},"sameAs":["https:\/\/www.facebook.com\/gino.sfarra","https:\/\/www.instagram.com\/ginosfarraviolinmaker\/"]}]}},"_links":{"self":[{"href":"https:\/\/sfarraviolins.it\/it\/wp-json\/wp\/v2\/pages\/66","targetHints":{"allow":["GET"]}}],"collection":[{"href":"https:\/\/sfarraviolins.it\/it\/wp-json\/wp\/v2\/pages"}],"about":[{"href":"https:\/\/sfarraviolins.it\/it\/wp-json\/wp\/v2\/types\/page"}],"author":[{"embeddable":true,"href":"https:\/\/sfarraviolins.it\/it\/wp-json\/wp\/v2\/users\/2"}],"replies":[{"embeddable":true,"href":"https:\/\/sfarraviolins.it\/it\/wp-json\/wp\/v2\/comments?post=66"}],"version-history":[{"count":0,"href":"https:\/\/sfarraviolins.it\/it\/wp-json\/wp\/v2\/pages\/66\/revisions"}],"wp:featuredmedia":[{"embeddable":true,"href":"https:\/\/sfarraviolins.it\/it\/wp-json\/wp\/v2\/media\/167"}],"wp:attachment":[{"href":"https:\/\/sfarraviolins.it\/it\/wp-json\/wp\/v2\/media?parent=66"}],"curies":[{"name":"wp","href":"https:\/\/api.w.org\/{rel}","templated":true}]}}